{"id":297,"date":"2026-04-02T19:12:22","date_gmt":"2026-04-02T19:12:22","guid":{"rendered":"https:\/\/larazafinancial.com\/?page_id=297"},"modified":"2026-04-02T19:18:26","modified_gmt":"2026-04-02T19:18:26","slug":"la-raza-financial-2","status":"publish","type":"page","link":"https:\/\/larazafinancial.com\/es\/la-raza-financial-2\/","title":{"rendered":"USDA Program"},"content":{"rendered":"<div class=\"wp-block-group alignfull has-global-padding is-layout-constrained wp-container-core-group-is-layout-ec50940b wp-block-group-is-layout-constrained\" style=\"margin-top:0;margin-bottom:0;padding-top:var(--wp--preset--spacing--xx-large);padding-right:var(--wp--preset--spacing--x-small);padding-bottom:var(--wp--preset--spacing--xx-large);padding-left:var(--wp--preset--spacing--x-small)\">\n<div class=\"wp-block-columns are-vertically-aligned-center is-layout-flex wp-container-core-columns-is-layout-9859d175 wp-block-columns-is-layout-flex\">\n<div class=\"wp-block-column is-vertically-aligned-center is-layout-flow wp-block-column-is-layout-flow\">\n<div class=\"wp-block-columns is-layout-flex wp-container-core-columns-is-layout-0780762d wp-block-columns-is-layout-flex\">\n<div class=\"wp-block-column is-layout-flow wp-container-core-column-is-layout-c7b3064f wp-block-column-is-layout-flow\" style=\"flex-basis:48%\">\n<div class=\"wp-block-group has-global-padding is-layout-constrained wp-block-group-is-layout-constrained\">\n<figure class=\"wp-block-image aligncenter size-full has-custom-border\"><img loading=\"lazy\" decoding=\"async\" width=\"2560\" height=\"1440\" src=\"https:\/\/larazafinancial.com\/wp-content\/uploads\/2026\/04\/young-indian-female-patient-talking-to-male-doctor-2026-01-08-23-02-40-utc-scaled.jpg\" alt=\"\" class=\"wp-image-298\" style=\"border-radius:12px\" srcset=\"https:\/\/larazafinancial.com\/wp-content\/uploads\/2026\/04\/young-indian-female-patient-talking-to-male-doctor-2026-01-08-23-02-40-utc-scaled.jpg 2560w, https:\/\/larazafinancial.com\/wp-content\/uploads\/2026\/04\/young-indian-female-patient-talking-to-male-doctor-2026-01-08-23-02-40-utc-300x169.jpg 300w, https:\/\/larazafinancial.com\/wp-content\/uploads\/2026\/04\/young-indian-female-patient-talking-to-male-doctor-2026-01-08-23-02-40-utc-1024x576.jpg 1024w, https:\/\/larazafinancial.com\/wp-content\/uploads\/2026\/04\/young-indian-female-patient-talking-to-male-doctor-2026-01-08-23-02-40-utc-768x432.jpg 768w, https:\/\/larazafinancial.com\/wp-content\/uploads\/2026\/04\/young-indian-female-patient-talking-to-male-doctor-2026-01-08-23-02-40-utc-1536x864.jpg 1536w, https:\/\/larazafinancial.com\/wp-content\/uploads\/2026\/04\/young-indian-female-patient-talking-to-male-doctor-2026-01-08-23-02-40-utc-2048x1152.jpg 2048w, https:\/\/larazafinancial.com\/wp-content\/uploads\/2026\/04\/young-indian-female-patient-talking-to-male-doctor-2026-01-08-23-02-40-utc-18x10.jpg 18w\" sizes=\"auto, (max-width: 2560px) 100vw, 2560px\" \/><\/figure>\n<\/div>\n\n\n\n<div class=\"wp-block-group has-global-padding is-layout-constrained wp-container-core-group-is-layout-5f790ec0 wp-block-group-is-layout-constrained\" style=\"padding-left:var(--wp--preset--spacing--medium)\">\n<div class=\"wp-block-group has-luminous-vivid-amber-to-luminous-vivid-orange-gradient-background has-background is-layout-flow wp-container-core-group-is-layout-d09ab4bf wp-block-group-is-layout-flow\" style=\"border-style:none;border-width:0px;border-radius:12px;padding-top:var(--wp--preset--spacing--small);padding-right:var(--wp--preset--spacing--medium);padding-bottom:var(--wp--preset--spacing--small);padding-left:var(--wp--preset--spacing--medium)\">\n<h2 class=\"wp-block-heading has-text-align-center has-pure-white-color has-text-color has-link-color wp-elements-37884a1d87e5db5dfcbb4952b4921aff\" style=\"margin-bottom:var(--wp--preset--spacing--xx-small);font-style:normal;font-weight:700;line-height:1.1\">30<\/h2>\n\n\n\n<p class=\"has-text-align-center has-pure-white-color has-text-color has-link-color has-medium-font-size wp-elements-b6ae9eef0937bfc63fac2120b457d341\" style=\"line-height:1.2\">A\u00f1os de Experiencia<\/p>\n<\/div>\n<\/div>\n<\/div>\n\n\n\n<div class=\"wp-block-column is-layout-flow wp-block-column-is-layout-flow\" style=\"flex-basis:52%\">\n<div class=\"wp-block-group has-global-padding is-layout-constrained wp-block-group-is-layout-constrained\" style=\"margin-top:var(--wp--preset--spacing--medium)\">\n<figure class=\"wp-block-image aligncenter size-full has-custom-border\"><img loading=\"lazy\" decoding=\"async\" width=\"1706\" height=\"2560\" src=\"https:\/\/larazafinancial.com\/wp-content\/uploads\/2026\/04\/business-people-discussing-report-2026-03-18-05-34-39-utc-scaled.jpg\" alt=\"\" class=\"wp-image-299\" style=\"border-radius:12px\" srcset=\"https:\/\/larazafinancial.com\/wp-content\/uploads\/2026\/04\/business-people-discussing-report-2026-03-18-05-34-39-utc-scaled.jpg 1706w, https:\/\/larazafinancial.com\/wp-content\/uploads\/2026\/04\/business-people-discussing-report-2026-03-18-05-34-39-utc-200x300.jpg 200w, https:\/\/larazafinancial.com\/wp-content\/uploads\/2026\/04\/business-people-discussing-report-2026-03-18-05-34-39-utc-683x1024.jpg 683w, https:\/\/larazafinancial.com\/wp-content\/uploads\/2026\/04\/business-people-discussing-report-2026-03-18-05-34-39-utc-768x1152.jpg 768w, https:\/\/larazafinancial.com\/wp-content\/uploads\/2026\/04\/business-people-discussing-report-2026-03-18-05-34-39-utc-1024x1536.jpg 1024w, https:\/\/larazafinancial.com\/wp-content\/uploads\/2026\/04\/business-people-discussing-report-2026-03-18-05-34-39-utc-1365x2048.jpg 1365w, https:\/\/larazafinancial.com\/wp-content\/uploads\/2026\/04\/business-people-discussing-report-2026-03-18-05-34-39-utc-8x12.jpg 8w\" sizes=\"auto, (max-width: 1706px) 100vw, 1706px\" \/><figcaption class=\"wp-element-caption\">Excited businessman talking to colleague at meeting discussing report<\/figcaption><\/figure>\n<\/div>\n<\/div>\n<\/div>\n<\/div>\n\n\n\n<div class=\"wp-block-column is-vertically-aligned-center is-layout-flow wp-container-core-column-is-layout-8a368f38 wp-block-column-is-layout-flow\">\n<div class=\"wp-block-group is-nowrap is-layout-flex wp-container-core-group-is-layout-dae6801e wp-block-group-is-layout-flex\" style=\"margin-bottom:var(--wp--preset--spacing--x-small)\">\n<h6 class=\"wp-block-heading has-x-small-font-size\" style=\"font-style:normal;font-weight:500\">INTRODUCCI\u00d3N<\/h6>\n\n\n\n<hr class=\"wp-block-separator has-text-color has-secondary-color has-alpha-channel-opacity has-secondary-background-color has-background wp-container-content-e1bb55cb\" style=\"margin-top:0;margin-bottom:0\"\/>\n<\/div>\n\n\n\n<h2 class=\"wp-block-heading has-pure-black-color has-text-color has-link-color wp-elements-f3aed7177af9cd8693271a1795a1e02a\" style=\"margin-bottom:var(--wp--preset--spacing--small);font-style:normal;font-weight:700;line-height:1.1\">USDA Program<\/h2>\n\n\n\n<p class=\"translation-block\">En <strong>La Raza Financial<\/strong>, nuestro programa de pr\u00e9stamos USDA est\u00e1 dise\u00f1ado para ofrecer opciones de financiamiento de vivienda asequibles para prestatarios elegibles en \u00e1reas rurales y suburbanas calificadas.<\/p>\n\n\n\n<div class=\"wp-block-columns is-layout-flex wp-container-core-columns-is-layout-c742354d wp-block-columns-is-layout-flex\" style=\"margin-bottom:var(--wp--preset--spacing--medium)\">\n<div class=\"wp-block-column is-layout-flow wp-block-column-is-layout-flow\" style=\"border-right-color:var(--wp--preset--color--outline);border-right-width:1px\">\n<div class=\"wp-block-group has-luminous-vivid-amber-color has-text-color has-link-color wp-elements-cb09f6f3ae2ea753ed44d8ef6bcf403b is-nowrap is-layout-flex wp-container-core-group-is-layout-6c531013 wp-block-group-is-layout-flex\">\n<h5 class=\"wp-block-heading has-pure-black-color has-text-color has-link-color wp-elements-a85898d1bc59732fb7b6b94b686d7148\" style=\"font-style:normal;font-weight:700;line-height:1.2\">\u2705 Aspectos Destacados del Programa<\/h5>\n<\/div>\n\n\n\n<ul class=\"wp-block-list\">\n<li>Puntaje de cr\u00e9dito m\u00ednimo de <strong>640<\/strong><\/li>\n\n\n\n<li class=\"translation-block\">Hasta <strong>100% de financiamiento (sin pago inicial requerido)<\/strong><\/li>\n\n\n\n<li>Sin l\u00edmite m\u00e1ximo de relaci\u00f3n pr\u00e9stamo-valor (LTV)<\/li>\n\n\n\n<li>Opciones de financiamiento flexibles y asequibles<\/li>\n<\/ul>\n<\/div>\n\n\n\n<div class=\"wp-block-column is-layout-flow wp-block-column-is-layout-flow\">\n<div class=\"wp-block-group is-nowrap is-layout-flex wp-container-core-group-is-layout-6c531013 wp-block-group-is-layout-flex\">\n<h5 class=\"wp-block-heading has-pure-black-color has-text-color has-link-color wp-elements-377c81ac61e5f5d298fb9e6a42daa955\" style=\"font-style:normal;font-weight:700;line-height:1.2\">\ud83d\udca1Descripci\u00f3n General del Programa<\/h5>\n<\/div>\n\n\n\n<p>Nuestro programa USDA requiere un puntaje de cr\u00e9dito m\u00ednimo de 640 y ofrece hasta el 100% de financiamiento (LTV), haciendo que la compra de vivienda sea m\u00e1s accesible con poco o ning\u00fan costo inicial.<\/p>\n<\/div>\n<\/div>\n\n\n\n<div class=\"wp-block-buttons is-layout-flex wp-block-buttons-is-layout-flex\">\n<div class=\"wp-block-button\"><a class=\"wp-block-button__link wp-element-button\" href=\"https:\/\/larazafinancial.com\/es\/application\/\" style=\"border-radius:30px;padding-top:var(--wp--preset--spacing--x-small);padding-right:var(--wp--preset--spacing--medium);padding-bottom:var(--wp--preset--spacing--x-small);padding-left:var(--wp--preset--spacing--medium)\">Solicita ahora<\/a><\/div>\n\n\n\n<div class=\"wp-block-button is-style-outline is-style-outline--1\"><a class=\"wp-block-button__link wp-element-button\" href=\"https:\/\/larazafinancial.com\/es\/contact-us\/\" style=\"border-radius:30px;padding-top:var(--wp--preset--spacing--x-small);padding-right:var(--wp--preset--spacing--medium);padding-bottom:var(--wp--preset--spacing--x-small);padding-left:var(--wp--preset--spacing--medium)\">Cont\u00e1ctanos<\/a><\/div>\n<\/div>\n<\/div>\n<\/div>\n<\/div>","protected":false},"excerpt":{"rendered":"<p>30 A\u00f1os de Experiencia INTRODUCTION USDA Program At La Raza Financial, our USDA Loan Program is designed to provide affordable home financing options for eligible borrowers in qualified rural and suburban areas. \u2705 Program Highlights \ud83d\udca1 Program Overview Our USDA program requires a minimum credit score of 640 and offers up to 100% financing (LTV), [&hellip;]<\/p>\n","protected":false},"author":1,"featured_media":0,"parent":0,"menu_order":0,"comment_status":"closed","ping_status":"closed","template":"","meta":{"footnotes":""},"class_list":["post-297","page","type-page","status-publish","hentry"],"_links":{"self":[{"href":"https:\/\/larazafinancial.com\/es\/wp-json\/wp\/v2\/pages\/297","targetHints":{"allow":["GET"]}}],"collection":[{"href":"https:\/\/larazafinancial.com\/es\/wp-json\/wp\/v2\/pages"}],"about":[{"href":"https:\/\/larazafinancial.com\/es\/wp-json\/wp\/v2\/types\/page"}],"author":[{"embeddable":true,"href":"https:\/\/larazafinancial.com\/es\/wp-json\/wp\/v2\/users\/1"}],"replies":[{"embeddable":true,"href":"https:\/\/larazafinancial.com\/es\/wp-json\/wp\/v2\/comments?post=297"}],"version-history":[{"count":3,"href":"https:\/\/larazafinancial.com\/es\/wp-json\/wp\/v2\/pages\/297\/revisions"}],"predecessor-version":[{"id":304,"href":"https:\/\/larazafinancial.com\/es\/wp-json\/wp\/v2\/pages\/297\/revisions\/304"}],"wp:attachment":[{"href":"https:\/\/larazafinancial.com\/es\/wp-json\/wp\/v2\/media?parent=297"}],"curies":[{"name":"wp","href":"https:\/\/api.w.org\/{rel}","templated":true}]}}