{"id":306,"date":"2026-04-02T19:29:20","date_gmt":"2026-04-02T19:29:20","guid":{"rendered":"https:\/\/larazafinancial.com\/?page_id=306"},"modified":"2026-04-02T19:29:20","modified_gmt":"2026-04-02T19:29:20","slug":"va-program","status":"publish","type":"page","link":"https:\/\/larazafinancial.com\/es\/va-program\/","title":{"rendered":"VA Program"},"content":{"rendered":"<div class=\"wp-block-columns are-vertically-aligned-center is-layout-flex wp-container-core-columns-is-layout-9859d175 wp-block-columns-is-layout-flex\">\n<div class=\"wp-block-column is-vertically-aligned-center is-layout-flow wp-block-column-is-layout-flow\">\n<div class=\"wp-block-columns is-layout-flex wp-container-core-columns-is-layout-0780762d wp-block-columns-is-layout-flex\">\n<div class=\"wp-block-column is-layout-flow wp-container-core-column-is-layout-c7b3064f wp-block-column-is-layout-flow\" style=\"flex-basis:48%\">\n<div class=\"wp-block-group has-global-padding is-layout-constrained wp-block-group-is-layout-constrained\">\n<figure class=\"wp-block-image aligncenter size-full has-custom-border\"><img loading=\"lazy\" decoding=\"async\" width=\"2560\" height=\"1708\" src=\"https:\/\/larazafinancial.com\/wp-content\/uploads\/2026\/04\/happy-military-father-and-his-daughter-reunion-2026-03-19-04-27-02-utc-scaled.jpg\" alt=\"\" class=\"wp-image-292\" style=\"border-radius:12px;aspect-ratio:4\/3;object-fit:cover\" srcset=\"https:\/\/larazafinancial.com\/wp-content\/uploads\/2026\/04\/happy-military-father-and-his-daughter-reunion-2026-03-19-04-27-02-utc-scaled.jpg 2560w, https:\/\/larazafinancial.com\/wp-content\/uploads\/2026\/04\/happy-military-father-and-his-daughter-reunion-2026-03-19-04-27-02-utc-300x200.jpg 300w, https:\/\/larazafinancial.com\/wp-content\/uploads\/2026\/04\/happy-military-father-and-his-daughter-reunion-2026-03-19-04-27-02-utc-1024x683.jpg 1024w, https:\/\/larazafinancial.com\/wp-content\/uploads\/2026\/04\/happy-military-father-and-his-daughter-reunion-2026-03-19-04-27-02-utc-768x512.jpg 768w, https:\/\/larazafinancial.com\/wp-content\/uploads\/2026\/04\/happy-military-father-and-his-daughter-reunion-2026-03-19-04-27-02-utc-1536x1025.jpg 1536w, https:\/\/larazafinancial.com\/wp-content\/uploads\/2026\/04\/happy-military-father-and-his-daughter-reunion-2026-03-19-04-27-02-utc-2048x1366.jpg 2048w, https:\/\/larazafinancial.com\/wp-content\/uploads\/2026\/04\/happy-military-father-and-his-daughter-reunion-2026-03-19-04-27-02-utc-18x12.jpg 18w\" sizes=\"auto, (max-width: 2560px) 100vw, 2560px\" \/><\/figure>\n<\/div>\n\n\n\n<div class=\"wp-block-group has-global-padding is-layout-constrained wp-container-core-group-is-layout-5f790ec0 wp-block-group-is-layout-constrained\" style=\"padding-left:var(--wp--preset--spacing--medium)\">\n<div class=\"wp-block-group has-luminous-vivid-amber-to-luminous-vivid-orange-gradient-background has-background is-layout-flow wp-container-core-group-is-layout-d09ab4bf wp-block-group-is-layout-flow\" style=\"border-style:none;border-width:0px;border-radius:12px;padding-top:var(--wp--preset--spacing--small);padding-right:var(--wp--preset--spacing--medium);padding-bottom:var(--wp--preset--spacing--small);padding-left:var(--wp--preset--spacing--medium)\">\n<h2 class=\"wp-block-heading has-text-align-center has-pure-white-color has-text-color has-link-color wp-elements-37884a1d87e5db5dfcbb4952b4921aff\" style=\"margin-bottom:var(--wp--preset--spacing--xx-small);font-style:normal;font-weight:700;line-height:1.1\">30<\/h2>\n\n\n\n<p class=\"has-text-align-center has-pure-white-color has-text-color has-link-color has-medium-font-size wp-elements-b6ae9eef0937bfc63fac2120b457d341\" style=\"line-height:1.2\">A\u00f1os de Experiencia<\/p>\n<\/div>\n<\/div>\n<\/div>\n\n\n\n<div class=\"wp-block-column is-layout-flow wp-block-column-is-layout-flow\" style=\"flex-basis:52%\">\n<div class=\"wp-block-group has-global-padding is-layout-constrained wp-block-group-is-layout-constrained\" style=\"margin-top:var(--wp--preset--spacing--medium)\">\n<figure class=\"wp-block-image aligncenter size-full has-custom-border\"><img loading=\"lazy\" decoding=\"async\" width=\"1708\" height=\"2560\" src=\"https:\/\/larazafinancial.com\/wp-content\/uploads\/2026\/04\/finally-daddys-home-2026-01-09-10-09-13-utc-scaled.jpg\" alt=\"\" class=\"wp-image-310\" style=\"border-radius:12px;aspect-ratio:3\/4;object-fit:cover\" srcset=\"https:\/\/larazafinancial.com\/wp-content\/uploads\/2026\/04\/finally-daddys-home-2026-01-09-10-09-13-utc-scaled.jpg 1708w, https:\/\/larazafinancial.com\/wp-content\/uploads\/2026\/04\/finally-daddys-home-2026-01-09-10-09-13-utc-200x300.jpg 200w, https:\/\/larazafinancial.com\/wp-content\/uploads\/2026\/04\/finally-daddys-home-2026-01-09-10-09-13-utc-683x1024.jpg 683w, https:\/\/larazafinancial.com\/wp-content\/uploads\/2026\/04\/finally-daddys-home-2026-01-09-10-09-13-utc-768x1151.jpg 768w, https:\/\/larazafinancial.com\/wp-content\/uploads\/2026\/04\/finally-daddys-home-2026-01-09-10-09-13-utc-1025x1536.jpg 1025w, https:\/\/larazafinancial.com\/wp-content\/uploads\/2026\/04\/finally-daddys-home-2026-01-09-10-09-13-utc-1367x2048.jpg 1367w, https:\/\/larazafinancial.com\/wp-content\/uploads\/2026\/04\/finally-daddys-home-2026-01-09-10-09-13-utc-8x12.jpg 8w\" sizes=\"auto, (max-width: 1708px) 100vw, 1708px\" \/><\/figure>\n<\/div>\n<\/div>\n<\/div>\n<\/div>\n\n\n\n<div class=\"wp-block-column is-vertically-aligned-center is-layout-flow wp-container-core-column-is-layout-8a368f38 wp-block-column-is-layout-flow\">\n<div class=\"wp-block-group is-nowrap is-layout-flex wp-container-core-group-is-layout-dae6801e wp-block-group-is-layout-flex\" style=\"margin-bottom:var(--wp--preset--spacing--x-small)\">\n<h6 class=\"wp-block-heading has-x-small-font-size\" style=\"font-style:normal;font-weight:500\">INTRODUCCI\u00d3N<\/h6>\n\n\n\n<hr class=\"wp-block-separator has-text-color has-secondary-color has-alpha-channel-opacity has-secondary-background-color has-background wp-container-content-e1bb55cb\" style=\"margin-top:0;margin-bottom:0\"\/>\n<\/div>\n\n\n\n<h2 class=\"wp-block-heading has-pure-black-color has-text-color has-link-color wp-elements-728cbb910f8870ae4a23b1853e4a5d9b\" style=\"margin-bottom:var(--wp--preset--spacing--small);font-style:normal;font-weight:700;line-height:1.1\">VA Program<\/h2>\n\n\n\n<p class=\"translation-block\">En <strong>La Raza Financial<\/strong>, nuestro programa de pr\u00e9stamos VA est\u00e1 dise\u00f1ado para apoyar a veteranos elegibles, miembros del servicio activo y sus familias con opciones de financiamiento de vivienda flexibles y accesibles.<\/p>\n\n\n\n<div class=\"wp-block-columns is-layout-flex wp-container-core-columns-is-layout-c742354d wp-block-columns-is-layout-flex\" style=\"margin-bottom:var(--wp--preset--spacing--medium)\">\n<div class=\"wp-block-column is-layout-flow wp-block-column-is-layout-flow\" style=\"border-right-color:var(--wp--preset--color--outline);border-right-width:1px\">\n<div class=\"wp-block-group is-nowrap is-layout-flex wp-container-core-group-is-layout-6c531013 wp-block-group-is-layout-flex\">\n<h5 class=\"wp-block-heading has-pure-black-color has-text-color has-link-color wp-elements-a85898d1bc59732fb7b6b94b686d7148\" style=\"font-style:normal;font-weight:700;line-height:1.2\">\u2705 Aspectos Destacados del Programa<\/h5>\n<\/div>\n\n\n\n<ul class=\"wp-block-list\">\n<li class=\"translation-block\">Puntaje de cr\u00e9dito m\u00ednimo de <strong>580 (AUS)<\/strong> o <strong>550 (aprobaci\u00f3n manual)<\/strong><\/li>\n\n\n\n<li>Calificaci\u00f3n flexible para prestatarios con dificultades financieras previas<\/li>\n\n\n\n<li>Competitive interest rates with favorable loan terms<\/li>\n\n\n\n<li class=\"translation-block\">Dise\u00f1ado espec\u00edficamente para <strong>veteranos y militares en servicio activo<\/strong><\/li>\n<\/ul>\n<\/div>\n\n\n\n<div class=\"wp-block-column is-layout-flow wp-block-column-is-layout-flow\">\n<div class=\"wp-block-group is-nowrap is-layout-flex wp-container-core-group-is-layout-6c531013 wp-block-group-is-layout-flex\">\n<h5 class=\"wp-block-heading has-pure-black-color has-text-color has-link-color wp-elements-377c81ac61e5f5d298fb9e6a42daa955\" style=\"font-style:normal;font-weight:700;line-height:1.2\">\ud83d\udca1Descripci\u00f3n General del Programa<\/h5>\n<\/div>\n\n\n\n<p>Nuestro programa VA requiere un puntaje de cr\u00e9dito m\u00ednimo de 580 (AUS) o 550 (manual) y apoya a prestatarios con dificultades financieras previas, como ejecuciones hipotecarias, ventas cortas y bancarrotas, siempre que hayan ocurrido hace m\u00e1s de dos a\u00f1os y cuenten con aprobaci\u00f3n AUS.<\/p>\n<\/div>\n<\/div>\n\n\n\n<div class=\"wp-block-buttons is-layout-flex wp-block-buttons-is-layout-flex\">\n<div class=\"wp-block-button\"><a class=\"wp-block-button__link wp-element-button\" href=\"https:\/\/larazafinancial.com\/es\/application\/\" style=\"border-radius:30px;padding-top:var(--wp--preset--spacing--x-small);padding-right:var(--wp--preset--spacing--medium);padding-bottom:var(--wp--preset--spacing--x-small);padding-left:var(--wp--preset--spacing--medium)\">Solicita ahora<\/a><\/div>\n\n\n\n<div class=\"wp-block-button is-style-outline is-style-outline--1\"><a class=\"wp-block-button__link wp-element-button\" href=\"https:\/\/larazafinancial.com\/es\/contact-us\/\" style=\"border-radius:30px;padding-top:var(--wp--preset--spacing--x-small);padding-right:var(--wp--preset--spacing--medium);padding-bottom:var(--wp--preset--spacing--x-small);padding-left:var(--wp--preset--spacing--medium)\">Cont\u00e1ctanos<\/a><\/div>\n<\/div>\n<\/div>\n<\/div>","protected":false},"excerpt":{"rendered":"<p>30 A\u00f1os de Experiencia INTRODUCTION VA Program At La Raza Financial, our VA Loan Program is designed to support eligible veterans, active-duty service members, and their families with flexible and accessible home financing options. \u2705 Program Highlights \ud83d\udca1 Program Overview Our VA program requires a minimum credit score of 580 (AUS) or 550 (manual) and [&hellip;]<\/p>\n","protected":false},"author":1,"featured_media":0,"parent":0,"menu_order":0,"comment_status":"closed","ping_status":"closed","template":"","meta":{"footnotes":""},"class_list":["post-306","page","type-page","status-publish","hentry"],"_links":{"self":[{"href":"https:\/\/larazafinancial.com\/es\/wp-json\/wp\/v2\/pages\/306","targetHints":{"allow":["GET"]}}],"collection":[{"href":"https:\/\/larazafinancial.com\/es\/wp-json\/wp\/v2\/pages"}],"about":[{"href":"https:\/\/larazafinancial.com\/es\/wp-json\/wp\/v2\/types\/page"}],"author":[{"embeddable":true,"href":"https:\/\/larazafinancial.com\/es\/wp-json\/wp\/v2\/users\/1"}],"replies":[{"embeddable":true,"href":"https:\/\/larazafinancial.com\/es\/wp-json\/wp\/v2\/comments?post=306"}],"version-history":[{"count":1,"href":"https:\/\/larazafinancial.com\/es\/wp-json\/wp\/v2\/pages\/306\/revisions"}],"predecessor-version":[{"id":311,"href":"https:\/\/larazafinancial.com\/es\/wp-json\/wp\/v2\/pages\/306\/revisions\/311"}],"wp:attachment":[{"href":"https:\/\/larazafinancial.com\/es\/wp-json\/wp\/v2\/media?parent=306"}],"curies":[{"name":"wp","href":"https:\/\/api.w.org\/{rel}","templated":true}]}}